{"id":1238,"date":"2019-04-25T19:17:56","date_gmt":"2019-04-25T17:17:56","guid":{"rendered":"http:\/\/ctrl.neurosocial.es\/?page_id=1238"},"modified":"2021-07-14T20:18:38","modified_gmt":"2021-07-14T18:18:38","slug":"consultoria","status":"publish","type":"page","link":"https:\/\/ctrl360.com\/ca\/consultoria\/","title":{"rendered":"Consultoria"},"content":{"rendered":"<p>[et_pb_section fb_built=&#8221;1&#8243; admin_label=&#8221;Page Title Section&#8221; _builder_version=&#8221;4.9.4&#8243; use_background_color_gradient=&#8221;on&#8221; background_color_gradient_start=&#8221;#000000&#8243; background_color_gradient_end=&#8221;rgba(0,0,0,0)&#8221; background_color_gradient_direction=&#8221;120deg&#8221; background_color_gradient_overlays_image=&#8221;on&#8221; background_image=&#8221;https:\/\/ctrl360.com\/wp-content\/uploads\/2021\/07\/CAP_3consultoria-scaled.jpg&#8221; custom_padding=&#8221;110px||22px||false|false&#8221; hover_enabled=&#8221;0&#8243; title_text=&#8221;CAP_3consultoria&#8221; sticky_enabled=&#8221;0&#8243;][et_pb_row admin_label=&#8221;Page Title Area&#8221; _builder_version=&#8221;3.25&#8243; background_size=&#8221;initial&#8221; background_position=&#8221;top_left&#8221; background_repeat=&#8221;repeat&#8221; custom_padding=&#8221;11px|0px|0|0px|false|false&#8221; column_structure=&#8221;1_2,1_2&#8243;][et_pb_column type=&#8221;1_2&#8243; _builder_version=&#8221;3.25&#8243; custom_padding=&#8221;|||&#8221; custom_padding__hover=&#8221;|||&#8221;][et_pb_text admin_label=&#8221;Title&#8221; _builder_version=&#8221;3.27.4&#8243; text_font=&#8221;||||||||&#8221; header_font=&#8221;Poppins|600|||||||&#8221; header_font_size=&#8221;60px&#8221; header_line_height=&#8221;1.2em&#8221; header_2_font=&#8221;||||||||&#8221; header_2_font_size=&#8221;60px&#8221; background_layout=&#8221;dark&#8221; custom_margin=&#8221;||20px|&#8221; custom_padding=&#8221;|||&#8221; animation_style=&#8221;fade&#8221; header_font_size_tablet=&#8221;&#8221; header_font_size_phone=&#8221;40px&#8221; header_font_size_last_edited=&#8221;on|phone&#8221; custom_css_main_element=&#8221;background-image: linear-gradient(120deg, #08DB74 100%, #08DB74 100%) !important;||    background-repeat: no-repeat;||    background-size: 200px 1.0em !important;||    background-position: 0 101% ;&#8221;]<\/p>\n<h1>Consultoria<\/h1>\n<p>[\/et_pb_text][et_pb_text admin_label=&#8221;Page Subtitle&#8221; _builder_version=&#8221;3.27.4&#8243; text_font=&#8221;Poppins||||||||&#8221; text_font_size=&#8221;18px&#8221; text_line_height=&#8221;1.8em&#8221; header_font=&#8221;||||||||&#8221; background_layout=&#8221;dark&#8221; animation_style=&#8221;fade&#8221;][\/et_pb_text][\/et_pb_column][et_pb_column type=&#8221;1_2&#8243; _builder_version=&#8221;3.25&#8243; custom_padding=&#8221;|||&#8221; custom_padding__hover=&#8221;|||&#8221;][\/et_pb_column][\/et_pb_row][\/et_pb_section][et_pb_section fb_built=&#8221;1&#8243; _builder_version=&#8221;3.22&#8243; background_color=&#8221;#2c363f&#8221;][et_pb_row _builder_version=&#8221;3.25&#8243;][et_pb_column type=&#8221;4_4&#8243; _builder_version=&#8221;3.25&#8243; custom_padding=&#8221;|||&#8221; custom_padding__hover=&#8221;|||&#8221;][et_pb_text _builder_version=&#8221;3.27.4&#8243; text_font=&#8221;||||||||&#8221; text_text_color=&#8221;#ffffff&#8221; text_font_size=&#8221;24px&#8221; text_line_height=&#8221;1.8em&#8221;]<\/p>\n<p class=\"MsoNormal\">A tots ens sorgeixen dubtes en algun moment sobre com tractar problemes cotidians o futurs projectes. Amb el nostre servei de consultoria, deixa les aquelles relacionades amb la informatica a les nostres mans.<\/p>\n<p><o:p><\/o:p><\/p>\n<p>[\/et_pb_text][\/et_pb_column][\/et_pb_row][\/et_pb_section][et_pb_section fb_built=&#8221;1&#8243; admin_label=&#8221;About Us Section&#8221; _builder_version=&#8221;3.22&#8243; background_color=&#8221;#f6f8f9&#8243; custom_padding=&#8221;67px||121px||false|false&#8221;][et_pb_row _builder_version=&#8221;3.25&#8243;][et_pb_column type=&#8221;4_4&#8243; _builder_version=&#8221;3.25&#8243; custom_padding=&#8221;|||&#8221; custom_padding__hover=&#8221;|||&#8221;][et_pb_text _builder_version=&#8221;3.27.4&#8243; text_font=&#8221;||||||||&#8221; text_font_size=&#8221;31px&#8221; header_font=&#8221;||||||||&#8221;]\u00bfCom treballem?[\/et_pb_text][\/et_pb_column][\/et_pb_row][et_pb_row _builder_version=&#8221;3.25&#8243; column_structure=&#8221;1_3,1_3,1_3&#8243;][et_pb_column type=&#8221;1_3&#8243; _builder_version=&#8221;3.25&#8243; custom_padding=&#8221;|||&#8221; custom_padding__hover=&#8221;|||&#8221;][et_pb_text _builder_version=&#8221;4.9.4&#8243; text_font=&#8221;|600|||||||&#8221; text_text_color=&#8221;#00e676&#8243; text_font_size=&#8221;62px&#8221; hover_enabled=&#8221;0&#8243; sticky_enabled=&#8221;0&#8243;]<\/p>\n<div class=\"numero--consultoria\" style=\"display:flex; justify-content: flex-start; align-content; center; align-items: center\"><img decoding=\"async\" src=\"https:\/\/ctrl360.com\/wp-content\/uploads\/2021\/07\/consultoria-03.png\" style=\"max-width:150px; margin-right: 20px;\">01<\/div>\n<p>[\/et_pb_text][et_pb_text _builder_version=&#8221;3.27.4&#8243; text_font=&#8221;|600|||||||&#8221; text_text_color=&#8221;#2c363f&#8221; text_font_size=&#8221;34px&#8221; header_font=&#8221;||||||||&#8221; header_text_color=&#8221;#2c363f&#8221;]<\/p>\n<p>Estudi<\/p>\n<p>[\/et_pb_text][et_pb_text _builder_version=&#8221;3.27.4&#8243; text_font=&#8221;|300|||||||&#8221; text_text_color=&#8221;#434d56&#8243; text_font_size=&#8221;18px&#8221; text_line_height=&#8221;1.6em&#8221; header_font=&#8221;||||||||&#8221;]<\/p>\n<p>Analitzem la situaci\u00f3 real de la teva empresa: quines s\u00f3n les seves particularitats i necessitats a nivell inform\u00e0tic.<\/p>\n<p>[\/et_pb_text][\/et_pb_column][et_pb_column type=&#8221;1_3&#8243; _builder_version=&#8221;3.25&#8243; custom_padding=&#8221;|||&#8221; custom_padding__hover=&#8221;|||&#8221;][et_pb_text _builder_version=&#8221;4.9.4&#8243; text_font=&#8221;|600|||||||&#8221; text_text_color=&#8221;#00e676&#8243; text_font_size=&#8221;62px&#8221; hover_enabled=&#8221;0&#8243; sticky_enabled=&#8221;0&#8243;]<\/p>\n<div class=\"numero--consultoria\" style=\"display:flex; justify-content: flex-start; align-content; center; align-items: center\"><img decoding=\"async\" src=\"https:\/\/ctrl360.com\/wp-content\/uploads\/2021\/07\/consultoria-01.png\" style=\"max-width:150px; margin-right: 20px;\">02<\/div>\n<p>[\/et_pb_text][et_pb_text _builder_version=&#8221;3.27.4&#8243; text_font=&#8221;|600|||||||&#8221; text_text_color=&#8221;#2c363f&#8221; text_font_size=&#8221;34px&#8221; header_font=&#8221;||||||||&#8221; header_text_color=&#8221;#2c363f&#8221;]<\/p>\n<p>Informe<\/p>\n<p>[\/et_pb_text][et_pb_text _builder_version=&#8221;3.27.4&#8243; text_font=&#8221;|300|||||||&#8221; text_text_color=&#8221;#434d56&#8243; text_font_size=&#8221;18px&#8221; text_line_height=&#8221;1.6em&#8221; header_font=&#8221;||||||||&#8221;]Presentem un informe amb aquells punts d\u00e8bils o millorables que hem observat i que podrien marcar la diferencia.[\/et_pb_text][\/et_pb_column][et_pb_column type=&#8221;1_3&#8243; _builder_version=&#8221;3.25&#8243; custom_padding=&#8221;|||&#8221; custom_padding__hover=&#8221;|||&#8221;][et_pb_text _builder_version=&#8221;4.9.4&#8243; text_font=&#8221;|600|||||||&#8221; text_text_color=&#8221;#00e676&#8243; text_font_size=&#8221;62px&#8221; hover_enabled=&#8221;0&#8243; sticky_enabled=&#8221;0&#8243;]<\/p>\n<div class=\"numero--consultoria\" style=\"display: flex; justify-content: flex-start; align-content; center; align-items: center;\"><img decoding=\"async\" src=\"https:\/\/ctrl360.com\/wp-content\/uploads\/2021\/07\/consultoria-02.png\" style=\"max-width: 150px; margin-right: 20px;\" \/>03<\/div>\n<p>[\/et_pb_text][et_pb_text _builder_version=&#8221;3.27.4&#8243; text_font=&#8221;|600|||||||&#8221; text_text_color=&#8221;#2c363f&#8221; text_font_size=&#8221;34px&#8221; header_font=&#8221;||||||||&#8221; header_text_color=&#8221;#2c363f&#8221;]<\/p>\n<p>Proposta<\/p>\n<p>[\/et_pb_text][et_pb_text _builder_version=&#8221;3.27.4&#8243; text_font=&#8221;|300|||||||&#8221; text_text_color=&#8221;#434d56&#8243; text_font_size=&#8221;18px&#8221; text_line_height=&#8221;1.6em&#8221; header_font=&#8221;||||||||&#8221;]Presentem una proposta amb les millores i optimitzaciones necessaries per als teus sistemes o aplicacions empresarials.[\/et_pb_text][\/et_pb_column][\/et_pb_row][\/et_pb_section][et_pb_section fb_built=&#8221;1&#8243; _builder_version=&#8221;3.22&#8243;][et_pb_row _builder_version=&#8221;3.25&#8243; column_structure=&#8221;1_2,1_2&#8243;][et_pb_column type=&#8221;1_2&#8243; _builder_version=&#8221;3.25&#8243; custom_padding=&#8221;|||&#8221; custom_padding__hover=&#8221;|||&#8221;][et_pb_image src=&#8221;https:\/\/ctrl360.com\/wp-content\/uploads\/2021\/07\/consultoria-04.png&#8221; align_tablet=&#8221;center&#8221; align_last_edited=&#8221;on|desktop&#8221; _builder_version=&#8221;4.9.4&#8243; hover_enabled=&#8221;0&#8243; title_text=&#8221;consultoria-04&#8243; sticky_enabled=&#8221;0&#8243;][\/et_pb_image][\/et_pb_column][et_pb_column type=&#8221;1_2&#8243; _builder_version=&#8221;3.25&#8243; custom_padding=&#8221;|||&#8221; custom_padding__hover=&#8221;|||&#8221;][et_pb_code _builder_version=&#8221;4.9.4&#8243; hover_enabled=&#8221;0&#8243; sticky_enabled=&#8221;0&#8243;]<\/p>\n<div class=\"serveis\"><!-- [et_pb_line_break_holder] --><!-- [et_pb_line_break_holder] -->\t    \t\t\t<\/p>\n<div class=\"servei\"><!-- [et_pb_line_break_holder] -->\t    \t\t\t\t<\/p>\n<div class=\"icon\"><!-- [et_pb_line_break_holder] -->\t    \t\t\t\t\t<img decoding=\"async\" src=\"https:\/\/ctrl360.com\/wp-content\/uploads\/2021\/07\/consultoria-06.png\" width=\"75px\" class=\"glyphicon glyphicon-chevron-left\" alt=\"\"><!-- [et_pb_line_break_holder] -->\t    \t\t\t\t<\/div>\n<p><!-- [et_pb_line_break_holder] -->\t    \t\t\t\t<\/p>\n<div class=\"concepte\"><!-- [et_pb_line_break_holder] -->\t    \t\t\t\t\t<\/p>\n<h3>Auditoria Hardware i Sistemes<br \/>\n<\/h3>\n<p><!-- [et_pb_line_break_holder] -->\t    \t\t\t\t\t<pee>El\u00b7laborem un informe de la situaci\u00f3 actual de l&#8217;estructura de l&#8217;empresa i quines s\u00f3n les principals mesures que es podrien dur a terme per millorar.\n<\/pee>\u00a0 \u00a0 \u00a0 \u00a0 \u00a0 \u00a0 <\/div>\n<p><!-- [et_pb_line_break_holder] -->\t    \t\t\t<\/div>\n<p><!-- [et_pb_line_break_holder] --><!-- [et_pb_line_break_holder] -->\t    \t\t\t<\/p>\n<div class=\"servei\"><!-- [et_pb_line_break_holder] -->\t    \t\t\t\t<\/p>\n<div class=\"icon\"><!-- [et_pb_line_break_holder] -->\t    \t\t\t\t\t<img decoding=\"async\" src=\"https:\/\/ctrl360.com\/wp-content\/uploads\/2021\/07\/consultoria-05.png\" width=\"75px\"><!-- [et_pb_line_break_holder] -->\t    \t\t\t\t<\/div>\n<p><!-- [et_pb_line_break_holder] -->\t    \t\t\t\t<\/p>\n<div class=\"concepte\"><!-- [et_pb_line_break_holder] -->\t    \t\t\t\t\t<\/p>\n<h3>Auditoria de seguretat<\/h3>\n<p><!-- [et_pb_line_break_holder] -->\t    \t\t\t\t\t<pee>El nostre t\u00e8cnic especialista revisar\u00e0 exhaustivament tots els sistemes per tal de trobar possibles vulnerabilitats.\n<\/pee>\u00a0 \u00a0 \u00a0 \u00a0 \u00a0 \u00a0 <\/div>\n<p><!-- [et_pb_line_break_holder] -->\t    \t\t\t<\/div>\n<p><!-- [et_pb_line_break_holder] --><!-- [et_pb_line_break_holder] -->\t    \t\t\t<\/p>\n<div class=\"servei\"><!-- [et_pb_line_break_holder] -->\t    \t\t\t\t<\/p>\n<div class=\"icon\"><!-- [et_pb_line_break_holder] -->\t    \t\t\t\t\t<img decoding=\"async\" src=\"https:\/\/ctrl360.com\/wp-content\/uploads\/2021\/07\/consultoria-07.png\" width=\"75px\"><!-- [et_pb_line_break_holder] -->\t    \t\t\t\t<\/div>\n<p><!-- [et_pb_line_break_holder] -->\t    \t\t\t\t<\/p>\n<div class=\"concepte\"><!-- [et_pb_line_break_holder] -->\t    \t\t\t\t\t<\/p>\n<h3>Auditoria de software de gesti\u00f3<br \/>\n<\/h3>\n<p><!-- [et_pb_line_break_holder] -->\t    \t\t\t\t\t<pee>Analitzem els diferents processos que duu a terme la teva empresa i t&#8217;aconsellem aquell software CRM, ERP o el que necessitis per tal de millorar la productivitat i gesti\u00f3 del teu negoci.<\/pee>\u00a0 \u00a0 \u00a0 \u00a0 \u00a0 \u00a0 <\/div>\n<p><!-- [et_pb_line_break_holder] -->\t    \t\t\t<\/div>\n<p><!-- [et_pb_line_break_holder] --><!-- [et_pb_line_break_holder] -->\t    \t\t\t<\/p>\n<div class=\"servei\"><!-- [et_pb_line_break_holder] -->\t    \t\t\t\t<\/p>\n<div class=\"icon\"><!-- [et_pb_line_break_holder] -->\t    \t\t\t\t\t<img decoding=\"async\" src=\"https:\/\/ctrl360.com\/wp-content\/uploads\/2021\/07\/consultoria-08.png\" width=\"75px\"><!-- [et_pb_line_break_holder] -->\t    \t\t\t\t<\/div>\n<p><!-- [et_pb_line_break_holder] -->\t    \t\t\t\t<\/p>\n<div class=\"concepte\"><!-- [et_pb_line_break_holder] -->\t    \t\t\t\t\t<\/p>\n<h3>Auditoria web<br \/>\n<\/h3>\n<p><!-- [et_pb_line_break_holder] -->\t    \t\t\t\t\t<pee>Busquem el rendiment i optimitzaci\u00f3 de la teva p\u00e0gina web, tant a nivell de seguretat com d&#8217;usabilitat i el compliment de la LOPD.<\/pee>\u00a0 \u00a0 \u00a0 \u00a0 \u00a0 \u00a0 \u00a0<\/div>\n<p><!-- [et_pb_line_break_holder] -->\t    \t\t\t<\/div>\n<p>\u00a0 \u00a0 \u00a0 \u00a0 \u00a0 \u00a0 \u00a0 <\/p><\/div>\n<p><!-- [et_pb_line_break_holder] -->\t    \t\t\t\t<!-- [et_pb_line_break_holder] -->\t    \t\t\t<\/div>\n<p><!-- [et_pb_line_break_holder] -->\t    <\/div>\n<p><!-- [et_pb_line_break_holder] -->[\/et_pb_code][\/et_pb_column][\/et_pb_row][\/et_pb_section]<\/p>\n","protected":false},"excerpt":{"rendered":"<p>ConsultoriaA tots ens sorgeixen dubtes en algun moment sobre com tractar problemes cotidians o futurs projectes. Amb el nostre servei de consultoria, deixa les aquelles relacionades amb la informatica a les nostres mans. \u00bfCom treballem?01Estudi Analitzem la situaci\u00f3 real de la teva empresa: quines s\u00f3n les seves particularitats i necessitats a nivell inform\u00e0tic. 02InformePresentem un [&hellip;]<\/p>\n","protected":false},"author":4,"featured_media":0,"parent":0,"menu_order":0,"comment_status":"closed","ping_status":"closed","template":"","meta":{"_et_pb_use_builder":"on","_et_pb_old_content":"","_et_gb_content_width":"","footnotes":""},"class_list":["post-1238","page","type-page","status-publish","hentry"],"_links":{"self":[{"href":"https:\/\/ctrl360.com\/ca\/wp-json\/wp\/v2\/pages\/1238","targetHints":{"allow":["GET"]}}],"collection":[{"href":"https:\/\/ctrl360.com\/ca\/wp-json\/wp\/v2\/pages"}],"about":[{"href":"https:\/\/ctrl360.com\/ca\/wp-json\/wp\/v2\/types\/page"}],"author":[{"embeddable":true,"href":"https:\/\/ctrl360.com\/ca\/wp-json\/wp\/v2\/users\/4"}],"replies":[{"embeddable":true,"href":"https:\/\/ctrl360.com\/ca\/wp-json\/wp\/v2\/comments?post=1238"}],"version-history":[{"count":10,"href":"https:\/\/ctrl360.com\/ca\/wp-json\/wp\/v2\/pages\/1238\/revisions"}],"predecessor-version":[{"id":2580,"href":"https:\/\/ctrl360.com\/ca\/wp-json\/wp\/v2\/pages\/1238\/revisions\/2580"}],"wp:attachment":[{"href":"https:\/\/ctrl360.com\/ca\/wp-json\/wp\/v2\/media?parent=1238"}],"curies":[{"name":"wp","href":"https:\/\/api.w.org\/{rel}","templated":true}]}}