{"id":1270,"date":"2019-04-25T21:43:54","date_gmt":"2019-04-25T19:43:54","guid":{"rendered":"http:\/\/ctrl.neurosocial.es\/?page_id=1270"},"modified":"2021-07-14T20:33:58","modified_gmt":"2021-07-14T18:33:58","slug":"hosting-i-correu","status":"publish","type":"page","link":"https:\/\/ctrl360.com\/ca\/hosting-i-correu\/","title":{"rendered":"Hosting i correu"},"content":{"rendered":"<p>[et_pb_section fb_built=&#8221;1&#8243; admin_label=&#8221;Page Title Section&#8221; _builder_version=&#8221;4.9.4&#8243; use_background_color_gradient=&#8221;on&#8221; background_color_gradient_start=&#8221;#000000&#8243; background_color_gradient_end=&#8221;rgba(0,0,0,0)&#8221; background_color_gradient_direction=&#8221;120deg&#8221; background_color_gradient_overlays_image=&#8221;on&#8221; background_image=&#8221;https:\/\/ctrl360.com\/wp-content\/uploads\/2021\/07\/CAP_6hosting-scaled.jpg&#8221; custom_padding=&#8221;110px||22px||false|false&#8221; hover_enabled=&#8221;0&#8243; title_text=&#8221;CAP_6hosting&#8221; sticky_enabled=&#8221;0&#8243;][et_pb_row admin_label=&#8221;Page Title Area&#8221; _builder_version=&#8221;3.25&#8243; background_size=&#8221;initial&#8221; background_position=&#8221;top_left&#8221; background_repeat=&#8221;repeat&#8221; custom_padding=&#8221;11px|0px|0|0px|false|false&#8221; column_structure=&#8221;1_2,1_2&#8243;][et_pb_column type=&#8221;1_2&#8243; _builder_version=&#8221;3.25&#8243; custom_padding=&#8221;|||&#8221; custom_padding__hover=&#8221;|||&#8221;][et_pb_text admin_label=&#8221;Title&#8221; _builder_version=&#8221;3.27.4&#8243; text_font=&#8221;||||||||&#8221; header_font=&#8221;Poppins|600|||||||&#8221; header_font_size=&#8221;60px&#8221; header_line_height=&#8221;1.2em&#8221; header_2_font=&#8221;||||||||&#8221; header_2_font_size=&#8221;60px&#8221; background_layout=&#8221;dark&#8221; custom_margin=&#8221;||20px|&#8221; custom_padding=&#8221;|||&#8221; animation_style=&#8221;fade&#8221; header_font_size_tablet=&#8221;&#8221; header_font_size_phone=&#8221;40px&#8221; header_font_size_last_edited=&#8221;on|phone&#8221; custom_css_main_element=&#8221;background-image: linear-gradient(120deg, #08DB74 100%, #08DB74 100%) !important;||    background-repeat: no-repeat;||    background-size: 200px 1.0em !important;||    background-position: 0 101% ;&#8221;]<\/p>\n<h1>Hosting i Correu<\/h1>\n<p>[\/et_pb_text][et_pb_text admin_label=&#8221;Page Subtitle&#8221; _builder_version=&#8221;3.27.4&#8243; text_font=&#8221;Poppins||||||||&#8221; text_font_size=&#8221;18px&#8221; text_line_height=&#8221;1.8em&#8221; header_font=&#8221;||||||||&#8221; background_layout=&#8221;dark&#8221; animation_style=&#8221;fade&#8221;][\/et_pb_text][\/et_pb_column][et_pb_column type=&#8221;1_2&#8243; _builder_version=&#8221;3.25&#8243; custom_padding=&#8221;|||&#8221; custom_padding__hover=&#8221;|||&#8221;][\/et_pb_column][\/et_pb_row][\/et_pb_section][et_pb_section fb_built=&#8221;1&#8243; _builder_version=&#8221;3.22&#8243; background_color=&#8221;#f6f8f9&#8243;][et_pb_row _builder_version=&#8221;3.25&#8243; max_width=&#8221;802px&#8221; use_custom_width=&#8221;on&#8221; custom_width_px=&#8221;802px&#8221;][et_pb_column type=&#8221;4_4&#8243; _builder_version=&#8221;3.25&#8243; custom_padding=&#8221;|||&#8221; custom_padding__hover=&#8221;|||&#8221;][et_pb_text _builder_version=&#8221;3.27.4&#8243; text_font=&#8221;||||||||&#8221; text_font_size=&#8221;21px&#8221; text_line_height=&#8221;1.8em&#8221;]<\/p>\n<p><span lang=\"es-ES\">Allotja el teu correu electr\u00f2nic, p\u00e0gina web i molt m\u00e9s en un servidor segur, r\u00e0pid i vigilat per experts amb experiencia, et permetr\u00e0 m\u00e9s tranquilitat i efici\u00e8ncia en la teva feina diaria.<\/span><\/p>\n<p>[\/et_pb_text][\/et_pb_column][\/et_pb_row][\/et_pb_section][et_pb_section fb_built=&#8221;1&#8243; _builder_version=&#8221;3.22&#8243;][et_pb_row _builder_version=&#8221;3.25&#8243; column_structure=&#8221;1_4,1_4,1_4,1_4&#8243;][et_pb_column type=&#8221;1_4&#8243; _builder_version=&#8221;3.25&#8243; custom_padding=&#8221;|||&#8221; custom_padding__hover=&#8221;|||&#8221;][et_pb_image src=&#8221;https:\/\/ctrl360.com\/wp-content\/uploads\/2021\/07\/hosting-01.png&#8221; align=&#8221;center&#8221; align_tablet=&#8221;center&#8221; align_last_edited=&#8221;on|desktop&#8221; _builder_version=&#8221;4.9.4&#8243; max_width=&#8221;53%&#8221; hover_enabled=&#8221;0&#8243; title_text=&#8221;hosting-01&#8243; sticky_enabled=&#8221;0&#8243;][\/et_pb_image][et_pb_text _builder_version=&#8221;3.27.4&#8243; header_font=&#8221;||||||||&#8221; header_4_font=&#8221;||||||||&#8221; header_4_font_size=&#8221;22px&#8221;]<\/p>\n<h4 style=\"text-align: center;\">Gestionem la teva web i correus.<\/h4>\n<p>[\/et_pb_text][\/et_pb_column][et_pb_column type=&#8221;1_4&#8243; _builder_version=&#8221;3.25&#8243; custom_padding=&#8221;|||&#8221; custom_padding__hover=&#8221;|||&#8221;][et_pb_image src=&#8221;https:\/\/ctrl360.com\/wp-content\/uploads\/2021\/07\/hosting-02.png&#8221; align=&#8221;center&#8221; align_tablet=&#8221;center&#8221; align_last_edited=&#8221;on|desktop&#8221; _builder_version=&#8221;4.9.4&#8243; max_width=&#8221;38%&#8221; title_text=&#8221;hosting-02&#8243;][\/et_pb_image][et_pb_text _builder_version=&#8221;3.27.4&#8243; header_font=&#8221;||||||||&#8221; header_4_font=&#8221;||||||||&#8221; header_4_font_size=&#8221;22px&#8221;]<\/p>\n<h4 style=\"text-align: center;\"><span style=\"color: #2c363f;\">M\u00e0xima velocitat i seguretat<\/span><\/h4>\n<p>[\/et_pb_text][\/et_pb_column][et_pb_column type=&#8221;1_4&#8243; _builder_version=&#8221;3.25&#8243; custom_padding=&#8221;|||&#8221; custom_padding__hover=&#8221;|||&#8221;][et_pb_image src=&#8221;https:\/\/ctrl360.com\/wp-content\/uploads\/2021\/07\/hosting-03.png&#8221; align=&#8221;center&#8221; align_tablet=&#8221;center&#8221; align_last_edited=&#8221;on|desktop&#8221; _builder_version=&#8221;4.9.4&#8243; max_width=&#8221;56%&#8221; hover_enabled=&#8221;0&#8243; title_text=&#8221;hosting-03&#8243; sticky_enabled=&#8221;0&#8243;][\/et_pb_image][et_pb_text _builder_version=&#8221;3.27.4&#8243; header_font=&#8221;||||||||&#8221; header_4_font=&#8221;||||||||&#8221; header_4_font_size=&#8221;22px&#8221;]<\/p>\n<h4 style=\"text-align: center;\"><span style=\"color: #2c363f;\">El nostre Datacenter propi<\/span><\/h4>\n<p>[\/et_pb_text][\/et_pb_column][et_pb_column type=&#8221;1_4&#8243; _builder_version=&#8221;3.25&#8243; custom_padding=&#8221;|||&#8221; custom_padding__hover=&#8221;|||&#8221;][et_pb_image src=&#8221;https:\/\/ctrl360.com\/wp-content\/uploads\/2021\/07\/hosting-04.png&#8221; align=&#8221;center&#8221; align_tablet=&#8221;center&#8221; align_last_edited=&#8221;on|desktop&#8221; _builder_version=&#8221;4.9.4&#8243; max_width=&#8221;38%&#8221; hover_enabled=&#8221;0&#8243; title_text=&#8221;hosting-04&#8243; sticky_enabled=&#8221;0&#8243;][\/et_pb_image][et_pb_text _builder_version=&#8221;3.27.4&#8243; header_font=&#8221;||||||||&#8221; header_4_font=&#8221;||||||||&#8221; header_4_font_size=&#8221;22px&#8221;]<\/p>\n<h4 style=\"text-align: center;\">Tindr\u00e0s un assessor personal<\/h4>\n<p>[\/et_pb_text][\/et_pb_column][\/et_pb_row][\/et_pb_section]<\/p>\n","protected":false},"excerpt":{"rendered":"<p>Hosting i CorreuAllotja el teu correu electr\u00f2nic, p\u00e0gina web i molt m\u00e9s en un servidor segur, r\u00e0pid i vigilat per experts amb experiencia, et permetr\u00e0 m\u00e9s tranquilitat i efici\u00e8ncia en la teva feina diaria.Gestionem la teva web i correus.M\u00e0xima velocitat i seguretatEl nostre Datacenter propiTindr\u00e0s un assessor personal<\/p>\n","protected":false},"author":4,"featured_media":0,"parent":0,"menu_order":0,"comment_status":"closed","ping_status":"closed","template":"","meta":{"_et_pb_use_builder":"on","_et_pb_old_content":"","_et_gb_content_width":"","footnotes":""},"class_list":["post-1270","page","type-page","status-publish","hentry"],"_links":{"self":[{"href":"https:\/\/ctrl360.com\/ca\/wp-json\/wp\/v2\/pages\/1270","targetHints":{"allow":["GET"]}}],"collection":[{"href":"https:\/\/ctrl360.com\/ca\/wp-json\/wp\/v2\/pages"}],"about":[{"href":"https:\/\/ctrl360.com\/ca\/wp-json\/wp\/v2\/types\/page"}],"author":[{"embeddable":true,"href":"https:\/\/ctrl360.com\/ca\/wp-json\/wp\/v2\/users\/4"}],"replies":[{"embeddable":true,"href":"https:\/\/ctrl360.com\/ca\/wp-json\/wp\/v2\/comments?post=1270"}],"version-history":[{"count":6,"href":"https:\/\/ctrl360.com\/ca\/wp-json\/wp\/v2\/pages\/1270\/revisions"}],"predecessor-version":[{"id":2597,"href":"https:\/\/ctrl360.com\/ca\/wp-json\/wp\/v2\/pages\/1270\/revisions\/2597"}],"wp:attachment":[{"href":"https:\/\/ctrl360.com\/ca\/wp-json\/wp\/v2\/media?parent=1270"}],"curies":[{"name":"wp","href":"https:\/\/api.w.org\/{rel}","templated":true}]}}